{"id":61,"date":"2023-11-14T12:59:55","date_gmt":"2023-11-14T12:59:55","guid":{"rendered":"https:\/\/microsysteme.net\/msie\/?page_id=61"},"modified":"2024-07-13T14:25:05","modified_gmt":"2024-07-13T13:25:05","slug":"a-propos-de-msi","status":"publish","type":"page","link":"https:\/\/microsysteme.net\/msie\/?page_id=61","title":{"rendered":"A propos de MSI"},"content":{"rendered":"\n<h2 class=\"wp-block-heading\"><strong>Qui sommes-nous ?<\/strong><\/h2>\n\n\n\n<p>Microsyst\u00e8me Informatique est une entreprise cr\u00e9\u00e9e au d\u00e9but des ann\u00e9es 2000, sp\u00e9cialis\u00e9e dans la fourniture de mat\u00e9riels informatiques aux entreprises et aux particuliers.<\/p>\n\n\n\n<p>Apr\u00e8s avoir acquis une langueur d&rsquo;avance dans la connaissance du march\u00e9 Alg\u00e9rien des nouvelles technologies et de celui des besoins des entreprises ; MSI est pass\u00e9e avec le slogan de l&rsquo;\u00e9volution afin de r\u00e9pondre aux besoins suppl\u00e9mentaires en mati\u00e8re de services et de fournitures d&rsquo;accessoires et de consommables.<\/p>\n\n\n\n<h2 class=\"wp-block-heading\"><strong>Adaptation au march\u00e9<\/strong><\/h2>\n\n\n\n<p>MSI-Evolution est n\u00e9e avec l&rsquo;objectif d&rsquo;accompagner les op\u00e9rateurs du domaine dans l&rsquo;int\u00e9gration de l&rsquo;outil informatique dans les entreprises, pas uniquement par la mise \u00e0 leurs dispositions de mat\u00e9riel de qualit\u00e9 aux meilleurs prix mais aussi par un accompagnement \u00e9tape par \u00e9tape dans le processus \u00e0 commencer par la d\u00e9finition des besoins en passant par le conseil selon l\u2019Etat du march\u00e9 local en mati\u00e8re de qualit\u00e9 et des prix, jusqu&rsquo;\u00e0 la mise en \u0153uvre et le service de maintenance.<\/p>\n\n\n\n<h2 class=\"wp-block-heading\"><strong>Faites le test par vous m\u00eame<\/strong><\/h2>\n\n\n\n<p>Nos services d&rsquo;accompagnement sont gratuits jusqu&rsquo;\u00e0 l&rsquo;acquisition, consultez-nous et v\u00e9rifiez nos services et notre savoir-faire. Pour plus de d\u00e9tails sur <a href=\"https:\/\/microsysteme.net\/msie\/?page_id=60\">nos services cloquer ici<\/a> ou contactez-nous.<\/p>\n","protected":false},"excerpt":{"rendered":"<p>Qui sommes-nous ? Microsyst\u00e8me Informatique est une entreprise cr\u00e9\u00e9e au d\u00e9but des ann\u00e9es 2000, sp\u00e9cialis\u00e9e dans la fourniture de mat\u00e9riels informatiques aux entreprises et aux particuliers. Apr\u00e8s avoir acquis une langueur d&rsquo;avance dans la connaissance du march\u00e9 Alg\u00e9rien des nouvelles technologies et de celui des besoins des entreprises ; MSI est pass\u00e9e avec le slogan [&hellip;]<\/p>\n","protected":false},"author":1,"featured_media":0,"parent":0,"menu_order":0,"comment_status":"closed","ping_status":"closed","template":"templates\/fullwidth.php","meta":{"footnotes":""},"class_list":["post-61","page","type-page","status-publish","hentry"],"_links":{"self":[{"href":"https:\/\/microsysteme.net\/msie\/index.php?rest_route=\/wp\/v2\/pages\/61","targetHints":{"allow":["GET"]}}],"collection":[{"href":"https:\/\/microsysteme.net\/msie\/index.php?rest_route=\/wp\/v2\/pages"}],"about":[{"href":"https:\/\/microsysteme.net\/msie\/index.php?rest_route=\/wp\/v2\/types\/page"}],"author":[{"embeddable":true,"href":"https:\/\/microsysteme.net\/msie\/index.php?rest_route=\/wp\/v2\/users\/1"}],"replies":[{"embeddable":true,"href":"https:\/\/microsysteme.net\/msie\/index.php?rest_route=%2Fwp%2Fv2%2Fcomments&post=61"}],"version-history":[{"count":6,"href":"https:\/\/microsysteme.net\/msie\/index.php?rest_route=\/wp\/v2\/pages\/61\/revisions"}],"predecessor-version":[{"id":162,"href":"https:\/\/microsysteme.net\/msie\/index.php?rest_route=\/wp\/v2\/pages\/61\/revisions\/162"}],"wp:attachment":[{"href":"https:\/\/microsysteme.net\/msie\/index.php?rest_route=%2Fwp%2Fv2%2Fmedia&parent=61"}],"curies":[{"name":"wp","href":"https:\/\/api.w.org\/{rel}","templated":true}]}}