{"id":60,"date":"2023-11-14T12:59:55","date_gmt":"2023-11-14T12:59:55","guid":{"rendered":"https:\/\/microsysteme.net\/msie\/?page_id=60"},"modified":"2024-07-13T14:37:01","modified_gmt":"2024-07-13T13:37:01","slug":"services","status":"publish","type":"page","link":"https:\/\/microsysteme.net\/msie\/?page_id=60","title":{"rendered":"Services"},"content":{"rendered":"\n<h2 class=\"wp-block-heading\">Partenaire solide<\/h2>\n\n\n\n<p>Notre mission ne se limite pas \u00e0 la vente. Nos clients nous confient leurs besoins et attentes, que nous traitons et formalisons avec eux selon les r\u00e8gles de l&rsquo;art et les caract\u00e9ristiques du march\u00e9. Notre exp\u00e9rience de plus de 23 ans nous permet de mieux vous qccompagner par : <\/p>\n\n\n\n<h2 class=\"wp-block-heading\">Analyse des besoins<\/h2>\n\n\n\n<p>Dans cette phase on v\u00e9rifie et reformule les besoins du client selon l&rsquo;\u00e9tat du march\u00e9; la disponibilit\u00e9 et les choix possibles et la qualit\u00e9 des produits.<\/p>\n\n\n\n<h2 class=\"wp-block-heading\">Aide au choix du mat\u00e9riel et des services<\/h2>\n\n\n\n<p>On pourra alors remodeler sa demande et mieux choisir entre les offres disponibles et exprimer ses besoins.<\/p>\n\n\n\n<h2 class=\"wp-block-heading\">Support technique continu<\/h2>\n\n\n\n<p> Notre support est disponible que soit sous forme contractuelle ou m\u00eame sans contrat si le client nous consulte pour un conseil ou recommandation.<\/p>\n\n\n\n<h2 class=\"wp-block-heading\"><br>Garantie de satisfaction <\/h2>\n\n\n\n<p>Du moment que nous visons toujours la satisfaction de nos clients, nous n&rsquo;\u00e9conomisons aucun effort pour atteindre ce r\u00e9sultat. Cel\u00e0 a \u00e9t\u00e9 toujours le cas durant plus de trois d\u00e9cades et pour toutes les entreprises, les organismes et les institutions qui ont travaill\u00e9 avec nous.<\/p>\n\n\n\n<h3 class=\"wp-block-heading\">Support aux entreprises<\/h3>\n\n\n\n<p>Des services de maintenance, de pi\u00e8ces de rechange et de consommables tout au long de la p\u00e9riode contractuelle et m\u00eame au del\u00e0.<\/p>\n\n\n\n<h2 class=\"wp-block-heading\">Transfert de comp\u00e9tences<\/h2>\n\n\n\n<p>Vos \u00e9quipes techniques re\u00e7oivent toutes les informations techniques pour g\u00e9rer le mat\u00e9riel livr\u00e9 ainsi que toute documentation li\u00e9e.<\/p>\n","protected":false},"excerpt":{"rendered":"<p>Partenaire solide Notre mission ne se limite pas \u00e0 la vente. Nos clients nous confient leurs besoins et attentes, que nous traitons et formalisons avec eux selon les r\u00e8gles de l&rsquo;art et les caract\u00e9ristiques du march\u00e9. Notre exp\u00e9rience de plus de 23 ans nous permet de mieux vous qccompagner par : Analyse des besoins Dans [&hellip;]<\/p>\n","protected":false},"author":1,"featured_media":0,"parent":0,"menu_order":0,"comment_status":"closed","ping_status":"closed","template":"templates\/fullwidth.php","meta":{"footnotes":""},"class_list":["post-60","page","type-page","status-publish","hentry"],"_links":{"self":[{"href":"https:\/\/microsysteme.net\/msie\/index.php?rest_route=\/wp\/v2\/pages\/60","targetHints":{"allow":["GET"]}}],"collection":[{"href":"https:\/\/microsysteme.net\/msie\/index.php?rest_route=\/wp\/v2\/pages"}],"about":[{"href":"https:\/\/microsysteme.net\/msie\/index.php?rest_route=\/wp\/v2\/types\/page"}],"author":[{"embeddable":true,"href":"https:\/\/microsysteme.net\/msie\/index.php?rest_route=\/wp\/v2\/users\/1"}],"replies":[{"embeddable":true,"href":"https:\/\/microsysteme.net\/msie\/index.php?rest_route=%2Fwp%2Fv2%2Fcomments&post=60"}],"version-history":[{"count":6,"href":"https:\/\/microsysteme.net\/msie\/index.php?rest_route=\/wp\/v2\/pages\/60\/revisions"}],"predecessor-version":[{"id":166,"href":"https:\/\/microsysteme.net\/msie\/index.php?rest_route=\/wp\/v2\/pages\/60\/revisions\/166"}],"wp:attachment":[{"href":"https:\/\/microsysteme.net\/msie\/index.php?rest_route=%2Fwp%2Fv2%2Fmedia&parent=60"}],"curies":[{"name":"wp","href":"https:\/\/api.w.org\/{rel}","templated":true}]}}